{"id":54,"date":"2026-02-05T11:47:58","date_gmt":"2026-02-05T11:47:58","guid":{"rendered":"http:\/\/reef-recycling-v1.local\/?page_id=54"},"modified":"2026-03-26T23:17:36","modified_gmt":"2026-03-26T23:17:36","slug":"hdpe","status":"publish","type":"page","link":"https:\/\/www.reefrecycling.com\/pt\/plastics\/hdpe\/","title":{"rendered":"HDPE Plastics"},"content":{"rendered":"<section class=\"bde-section-54-239 bde-section\">\n  \n  \n\t\n\n\n\n<div class=\"section-container\"><div class=\"bde-columns-54-240 bde-columns\"><div class=\"bde-column-54-241 bde-column\">\n  \n  \n\t\n\n\n\n<h1 class=\"bde-heading-54-242 bde-heading\">\nHDPE (High-density polyethylene)\n<\/h1><p class=\"bde-text-54-243 bde-text\">\nUK-sourced HDPE bottle bales for European processors with agreed specs, quality checks and full export documentation\n<\/p><div class=\"bde-grid-54-244 bde-grid\">\n  \n  \n\t\n\n\n\n<div class=\"bde-text-54-245 bde-text\">\nMaterial\n<\/div><div class=\"bde-text-54-246 bde-text\">\nUK post-consumer HDPE bottle bales\n<\/div>\n<\/div><div class=\"bde-grid-54-247 bde-grid\">\n  \n  \n\t\n\n\n\n<div class=\"bde-text-54-248 bde-text\">\nGrades\n<\/div><div class=\"bde-text-54-249 bde-text\">\nNatural (milk bottles) \/ mixed-colour bottles\n<\/div>\n<\/div><div class=\"bde-grid-54-250 bde-grid\">\n  \n  \n\t\n\n\n\n<div class=\"bde-text-54-251 bde-text\">\nForm\n<\/div><div class=\"bde-text-54-252 bde-text\">\nBaled bottles only (no flakes or pellets)\n<\/div>\n<\/div><div class=\"bde-grid-54-253 bde-grid\">\n  \n  \n\t\n\n\n\n<div class=\"bde-text-54-254 bde-text\">\nTypical use\n<\/div><div class=\"bde-text-54-255 bde-text\">\nBlow moulding, extrusion and injection moulding lines\n<\/div>\n<\/div><div class=\"bde-grid-54-256 bde-grid\">\n  \n  \n\t\n\n\n\n<div class=\"bde-text-54-257 bde-text\">\nSupply\n<\/div><div class=\"bde-text-54-258 bde-text\">\nContract and spot loads\n<\/div>\n<\/div><div class=\"bde-div-54-259 bde-div\">\n  \n  \n\t\n\n\n\n<div class=\"bde-button-54-378 bde-button header-cta-button\">\n    \n                                    \n    \n    \n    \n    \n            \n                    \n            \n            \n\n    \n    \n    \n    \n    \n    <a class=\"breakdance-link button-atom button-atom--primary bde-button__button\" href=\"https:\/\/www.reefrecycling.com\/pt\/request-availability\/\" target=\"_self\" data-type=\"url\"  >\n\n    \n        <span class=\"button-atom__text\">Check HDPE availability<\/span>\n\n        \n        \n                <\/a>\n\n    \n\n\n<\/div><div class=\"bde-button-54-261 bde-button\">\n    \n                        \n                        \n    \n    \n    \n    \n            \n                    \n            \n            \n\n    \n    \n    \n    \n    \n    <a class=\"breakdance-link button-atom button-atom--text bde-button__button\" href=\"https:\/\/www.reefrecycling.com\/pt\/logistics\/\" target=\"_self\" data-type=\"url\"  >\n\n    \n        <span class=\"button-atom__text\">How delivery and customs works<\/span>\n\n        \n                    \n    <span class=\"button-atom__icon-wrapper\">\n\n        \n            <svg class=\"un-arrow-icon\" width=\"10\" height=\"10\" viewbox=\"0 0 10 10\" aria-hidden=\"true\">\n                <g fill-rule=\"evenodd\">\n                    <path class=\"un-arrow-icon_arrow\" d=\"M1 1l4 4-4 4\"><\/path>\n                <\/g>\n            <\/svg>\n\n        \n    <\/span>\n\n\n        \n                <\/a>\n\n    \n\n\n<\/div>\n<\/div>\n<\/div><div class=\"bde-column-54-262 bde-column\">\n  \n  \n\t\n\n\n\n<img decoding=\"async\" class=\"bde-image2-54-263 bde-image2\" src=\"https:\/\/www.reefrecycling.com\/wp-content\/uploads\/2026\/03\/hdpe-plastic-materials.webp\" alt=\"HDPE plastic material for European processors\" loading=\"lazy\" srcset=\"https:\/\/www.reefrecycling.com\/wp-content\/uploads\/2026\/03\/hdpe-plastic-materials.webp 1000w, https:\/\/www.reefrecycling.com\/wp-content\/uploads\/2026\/03\/hdpe-plastic-materials-300x300.webp 300w, https:\/\/www.reefrecycling.com\/wp-content\/uploads\/2026\/03\/hdpe-plastic-materials-150x150.webp 150w, https:\/\/www.reefrecycling.com\/wp-content\/uploads\/2026\/03\/hdpe-plastic-materials-768x768.webp 768w, https:\/\/www.reefrecycling.com\/wp-content\/uploads\/2026\/03\/hdpe-plastic-materials-12x12.webp 12w\" sizes=\"(max-width: 1000px) 100vw, 1000px\">\n<\/div><\/div><\/div>\n<\/section><section class=\"bde-section-54-264 bde-section\">\n  \n  \n\t\n\n\n\n<div class=\"section-container\"><div class=\"bde-div-54-265 bde-div\">\n  \n  \n\t\n\n\n\n<div class=\"bde-div-54-266 bde-div\">\n  \n  \n\t\n\n\n\n<div class=\"bde-div-54-267 bde-div\">\n  \n  \n\t\n\n\n\n<div class=\"bde-div-54-268 bde-div\">\n  \n  \n\t\n\n\n\n<p class=\"bde-text-54-269 bde-text\">\nExport documentation \u00b7\n<\/p>\n<\/div><div class=\"bde-div-54-270 bde-div\">\n  \n  \n\t\n\n\n\n<p class=\"bde-text-54-271 bde-text\">\nEurope delivery support \u00b7\n<\/p>\n<\/div><div class=\"bde-div-54-272 bde-div\">\n  \n  \n\t\n\n\n\n<p class=\"bde-text-54-273 bde-text\">\nPre-shipment quality checks \u00b7\n<\/p>\n<\/div><div class=\"bde-div-54-274 bde-div\">\n  \n  \n\t\n\n\n\n<p class=\"bde-text-54-275 bde-text\">\nSpecification-led supply \u00b7\n<\/p>\n<\/div>\n<\/div><div class=\"bde-div-54-276 bde-div\">\n  \n  \n\t\n\n\n\n<div class=\"bde-div-54-277 bde-div\">\n  \n  \n\t\n\n\n\n<p class=\"bde-text-54-278 bde-text\">\nExport documentation \u00b7\n<\/p>\n<\/div><div class=\"bde-div-54-279 bde-div\">\n  \n  \n\t\n\n\n\n<p class=\"bde-text-54-280 bde-text\">\nEurope delivery support \u00b7\n<\/p>\n<\/div><div class=\"bde-div-54-281 bde-div\">\n  \n  \n\t\n\n\n\n<p class=\"bde-text-54-282 bde-text\">\nPre-shipment quality checks \u00b7\n<\/p>\n<\/div><div class=\"bde-div-54-283 bde-div\">\n  \n  \n\t\n\n\n\n<p class=\"bde-text-54-284 bde-text\">\nSpecification-led supply \u00b7\n<\/p>\n<\/div>\n<\/div>\n<\/div>\n<\/div><\/div>\n<\/section><section class=\"bde-section-54-285 bde-section\">\n  \n  \n\t\n\n\n\n<div class=\"section-container\"><div class=\"bde-div-54-286 bde-div\">\n  \n  \n\t\n\n\n\n<h2 class=\"bde-heading-54-287 bde-heading\">\nChoose Reef for HDPE supply\n<\/h2><div class=\"bde-div-54-288 bde-div\">\n  \n  \n\t\n\n\n\n<p class=\"bde-text-54-289 bde-text\">\nUK-sourced HDPE bottle bales from trusted MRFs and PRFs, carefully matched to your exact processor specifications. As professional traders with 11 years experience, we source natural and coloured grades from reliable UK facilities and deliver with full quality documentation, reducing your risk of rejected loads and ensuring seamless integration into your blow moulding or extrusion production lines.\n<\/p><div class=\"bde-div-54-290 bde-div\">\n  \n  \n\t\n\n\n\n<p class=\"bde-text-54-291 bde-text\">\nConsistent monthly volumes backed by established UK supply relationships, with pre-shipment bale breaks, time-stamped photos\/videos, and complete Annex VII compliance documentation included. Post-Brexit logistics and customs clearance handled by proven partners, so your HDPE arrives ready-to-process without border delays or paperwork hassles.\n<\/p>\n<\/div>\n<\/div>\n<\/div><div class=\"bde-fancy-divider-54-292 bde-fancy-divider\">\n\n\n<div class=\"bde-fancy-divider__wrapper\">\n  <div class=\"bde-fancy-divider__separator\">\n  \t  <\/div>\n<\/div>\n\n<\/div><\/div>\n<\/section><section class=\"bde-section-54-343 bde-section\">\n  \n  \n\t\n\n\n\n<div class=\"section-container\"><div class=\"bde-div-54-344 bde-div\">\n  \n  \n\t\n\n\n\n<h1 class=\"bde-heading-54-345 bde-heading\">\nQuestions HDPE buyers ask us the most\n<\/h1>\n<\/div><div class=\"dan-accordion-54-346 dan-accordion\" data-contenttransitionduration=\"0.3s\" data-mode=\"click\" data-singleopen=\"false\" data-openall=\"true\" data-openthis=\"1\"><div class=\"bde-div-54-347 bde-div dan-accordion-container\">\n  \n  \n\t\n\n\n\n<div class=\"bde-div-54-348 bde-div dan-accordion-question\">\n  \n  \n\t\n\n\n\n<h3 class=\"bde-heading-54-349 bde-heading dan-accordion-question-heading\">\nCan you separate natural from coloured HDPE?\n<\/h3><div class=\"bde-icon-54-350 bde-icon dan-accordion-question-icon\">\n\n    \n            <div class=\"bde-icon-icon breakdance-icon-atom\" >\n    \n                    <svg xmlns=\"http:\/\/www.w3.org\/2000\/svg\" viewbox=\"0 0 448 512\"><!--! Font Awesome Free 6.5.1 by @fontawesome - https:\/\/fontawesome.com License - https:\/\/fontawesome.com\/license\/free (Icons: CC BY 4.0, Fonts: SIL OFL 1.1, Code: MIT License) Copyright 2023 Fonticons, Inc. --><path d=\"M201.4 342.6c12.5 12.5 32.8 12.5 45.3 0l160-160c12.5-12.5 12.5-32.8 0-45.3s-32.8-12.5-45.3 0L224 274.7 86.6 137.4c-12.5-12.5-32.8-12.5-45.3 0s-12.5 32.8 0 45.3l160 160z\"\/><\/svg>\n        \n        \n        \n            <\/div>\n    \n\n\n<\/div>\n<\/div><div class=\"bde-div-54-351 bde-div dan-accordion-answercont\">\n  \n  \n\t\n\n\n\n<div class=\"bde-rich-text-54-352 bde-rich-text dan-accordion-answer breakdance-rich-text-styles\">\n<p>Yes. We source from UK facilities that sort natural HDPE (primarily milk bottles) separately from coloured bottles. If you need a specific colour split or purity level, we match your requirements with the right producer.<\/p>\n<\/div>\n<\/div>\n<\/div><div class=\"bde-div-54-353 bde-div dan-accordion-container\">\n  \n  \n\t\n\n\n\n<div class=\"bde-div-54-354 bde-div dan-accordion-question\">\n  \n  \n\t\n\n\n\n<h3 class=\"bde-heading-54-355 bde-heading dan-accordion-question-heading\">\nHow do you ensure my monthly supply volumes?\n<\/h3><div class=\"bde-icon-54-356 bde-icon dan-accordion-question-icon\">\n\n    \n            <div class=\"bde-icon-icon breakdance-icon-atom\" >\n    \n                    <svg xmlns=\"http:\/\/www.w3.org\/2000\/svg\" viewbox=\"0 0 448 512\"><!--! Font Awesome Free 6.5.1 by @fontawesome - https:\/\/fontawesome.com License - https:\/\/fontawesome.com\/license\/free (Icons: CC BY 4.0, Fonts: SIL OFL 1.1, Code: MIT License) Copyright 2023 Fonticons, Inc. --><path d=\"M201.4 342.6c12.5 12.5 32.8 12.5 45.3 0l160-160c12.5-12.5 12.5-32.8 0-45.3s-32.8-12.5-45.3 0L224 274.7 86.6 137.4c-12.5-12.5-32.8-12.5-45.3 0s-12.5 32.8 0 45.3l160 160z\"\/><\/svg>\n        \n        \n        \n            <\/div>\n    \n\n\n<\/div>\n<\/div><div class=\"bde-div-54-357 bde-div dan-accordion-answercont\">\n  \n  \n\t\n\n\n\n<div class=\"bde-rich-text-54-358 bde-rich-text dan-accordion-answer breakdance-rich-text-styles\">\n<p>Consistent monthly volumes backed by established UK supply relationships. 11 years trading experience. Contract volumes guaranteed with spot availability to match your production schedule.<\/p>\n<\/div>\n<\/div>\n<\/div><div class=\"bde-div-54-359 bde-div dan-accordion-container\">\n  \n  \n\t\n\n\n\n<div class=\"bde-div-54-360 bde-div dan-accordion-question\">\n  \n  \n\t\n\n\n\n<h3 class=\"bde-heading-54-361 bde-heading dan-accordion-question-heading\">\nWhat quality specification do your HDPE bales meet?\n<\/h3><div class=\"bde-icon-54-362 bde-icon dan-accordion-question-icon\">\n\n    \n            <div class=\"bde-icon-icon breakdance-icon-atom\" >\n    \n                    <svg xmlns=\"http:\/\/www.w3.org\/2000\/svg\" viewbox=\"0 0 448 512\"><!--! Font Awesome Free 6.5.1 by @fontawesome - https:\/\/fontawesome.com License - https:\/\/fontawesome.com\/license\/free (Icons: CC BY 4.0, Fonts: SIL OFL 1.1, Code: MIT License) Copyright 2023 Fonticons, Inc. --><path d=\"M201.4 342.6c12.5 12.5 32.8 12.5 45.3 0l160-160c12.5-12.5 12.5-32.8 0-45.3s-32.8-12.5-45.3 0L224 274.7 86.6 137.4c-12.5-12.5-32.8-12.5-45.3 0s-12.5 32.8 0 45.3l160 160z\"\/><\/svg>\n        \n        \n        \n            <\/div>\n    \n\n\n<\/div>\n<\/div><div class=\"bde-div-54-363 bde-div dan-accordion-answercont\">\n  \n  \n\t\n\n\n\n<div class=\"bde-rich-text-54-364 bde-rich-text dan-accordion-answer breakdance-rich-text-styles\">\n<p>Our suppliers follow UK recycling quality standards for natural HDPE bottle bales. Typical specifications include natural HDPE bottles with PP caps and closures attached, minimal coloured bottles, and low levels of non-HDPE contamination.<\/p>\n<\/div>\n<\/div>\n<\/div><div class=\"bde-div-54-365 bde-div dan-accordion-container\">\n  \n  \n\t\n\n\n\n<div class=\"bde-div-54-366 bde-div dan-accordion-question\">\n  \n  \n\t\n\n\n\n<h3 class=\"bde-heading-54-367 bde-heading dan-accordion-question-heading\">\nHow does post-Brexit customs clearance work?\n<\/h3><div class=\"bde-icon-54-368 bde-icon dan-accordion-question-icon\">\n\n    \n            <div class=\"bde-icon-icon breakdance-icon-atom\" >\n    \n                    <svg xmlns=\"http:\/\/www.w3.org\/2000\/svg\" viewbox=\"0 0 448 512\"><!--! Font Awesome Free 6.5.1 by @fontawesome - https:\/\/fontawesome.com License - https:\/\/fontawesome.com\/license\/free (Icons: CC BY 4.0, Fonts: SIL OFL 1.1, Code: MIT License) Copyright 2023 Fonticons, Inc. --><path d=\"M201.4 342.6c12.5 12.5 32.8 12.5 45.3 0l160-160c12.5-12.5 12.5-32.8 0-45.3s-32.8-12.5-45.3 0L224 274.7 86.6 137.4c-12.5-12.5-32.8-12.5-45.3 0s-12.5 32.8 0 45.3l160 160z\"\/><\/svg>\n        \n        \n        \n            <\/div>\n    \n\n\n<\/div>\n<\/div><div class=\"bde-div-54-369 bde-div dan-accordion-answercont\">\n  \n  \n\t\n\n\n\n<div class=\"bde-rich-text-54-370 bde-rich-text dan-accordion-answer breakdance-rich-text-styles\">\n<p>Post-Brexit logistics and customs clearance handled by proven partners. You choose self-clearance or Reef-managed T1 declarations and import clearance via established hauliers. Delivered DAP to your facility.<\/p>\n<\/div>\n<\/div>\n<\/div><div class=\"bde-div-54-371 bde-div dan-accordion-container\">\n  \n  \n\t\n\n\n\n<div class=\"bde-div-54-372 bde-div dan-accordion-question\">\n  \n  \n\t\n\n\n\n<h3 class=\"bde-heading-54-373 bde-heading dan-accordion-question-heading\">\nWhat is included in my delivered price per tonne?\n<\/h3><div class=\"bde-icon-54-374 bde-icon dan-accordion-question-icon\">\n\n    \n            <div class=\"bde-icon-icon breakdance-icon-atom\" >\n    \n                    <svg xmlns=\"http:\/\/www.w3.org\/2000\/svg\" viewbox=\"0 0 448 512\"><!--! Font Awesome Free 6.5.1 by @fontawesome - https:\/\/fontawesome.com License - https:\/\/fontawesome.com\/license\/free (Icons: CC BY 4.0, Fonts: SIL OFL 1.1, Code: MIT License) Copyright 2023 Fonticons, Inc. --><path d=\"M201.4 342.6c12.5 12.5 32.8 12.5 45.3 0l160-160c12.5-12.5 12.5-32.8 0-45.3s-32.8-12.5-45.3 0L224 274.7 86.6 137.4c-12.5-12.5-32.8-12.5-45.3 0s-12.5 32.8 0 45.3l160 160z\"\/><\/svg>\n        \n        \n        \n            <\/div>\n    \n\n\n<\/div>\n<\/div><div class=\"bde-div-54-375 bde-div dan-accordion-answercont\">\n  \n  \n\t\n\n\n\n<div class=\"bde-rich-text-54-376 bde-rich-text dan-accordion-answer breakdance-rich-text-styles\">\n<p>Complete DAP delivery: material, freight, export customs, T1 documentation (if borders crossed), and import clearance. Waste plastics carry zero duties.<\/p>\n<\/div>\n<\/div>\n<\/div><\/div><\/div>\n<\/section><div class=\"bde-globalblock-54-377 bde-globalblock\"><section class=\"bde-section-534-100-534-1 bde-section bde-section-534-100\">\n  \n  \n\t\n\n\n\n<div class=\"section-container\"><div class=\"bde-div-534-101-534-1 bde-div bde-div-534-101\">\n  \n  \n\t\n\n\n\n<h2 class=\"bde-heading-534-102-534-1 bde-heading bde-heading-534-102\">\nPronto para discutir o fornecimento?\n<\/h2><p class=\"bde-text-534-103-534-1 bde-text bde-text-534-103\">\nEnvie a sua especifica\u00e7\u00e3o de pl\u00e1sticos e pa\u00eds de entrega e confirmaremos a adequa\u00e7\u00e3o e proporemos os pr\u00f3ximos passos para o fornecimento cont\u00ednuo.\n<\/p>\n<\/div><div class=\"bde-div-534-119-534-1 bde-div bde-div-534-119\">\n  \n  \n\t\n\n\n\n<div class=\"bde-button-534-118-534-1 bde-button secondary-cta-button bde-button-534-118\">\n    \n                        \n                        \n    \n    \n    \n    \n            \n                    \n            \n            \n\n    \n    \n    \n    \n    \n    <a class=\"breakdance-link button-atom button-atom--secondary bde-button__button\" href=\"https:\/\/www.reefrecycling.com\/pt\/request-availability\/\" target=\"_self\" data-type=\"url\"  >\n\n    \n        <span class=\"button-atom__text\">Check Availability<\/span>\n\n        \n        \n                <\/a>\n\n    \n\n\n<\/div>\n<\/div><div class=\"bde-div-534-105-534-1 bde-div bde-div-534-105\">\n  \n  \n\t\n\n\n\n<div class=\"bde-div-534-106-534-1 bde-div bde-div-534-106\">\n  \n  \n\t\n\n\n\n<div class=\"bde-icon-534-107-534-1 bde-icon bde-icon-534-107\">\n\n    \n            <div class=\"bde-icon-icon breakdance-icon-atom\" >\n    \n                    <svg xmlns=\"http:\/\/www.w3.org\/2000\/svg\" viewbox=\"0 0 512 512\"><!--!Font Awesome Free 6.5.1 by @fontawesome - https:\/\/fontawesome.com License - https:\/\/fontawesome.com\/license\/free Copyright 2024 Fonticons, Inc.--><path d=\"M256 48a208 208 0 1 1 0 416 208 208 0 1 1 0-416zm0 464A256 256 0 1 0 256 0a256 256 0 1 0 0 512zM369 209c9.4-9.4 9.4-24.6 0-33.9s-24.6-9.4-33.9 0l-111 111-47-47c-9.4-9.4-24.6-9.4-33.9 0s-9.4 24.6 0 33.9l64 64c9.4 9.4 24.6 9.4 33.9 0L369 209z\"\/><\/svg>\n        \n        \n        \n            <\/div>\n    \n\n\n<\/div><span class=\"bde-text-534-108-534-1 bde-text bde-text-534-108\">\nFornecimento fi\u00e1vel de pl\u00e1sticos\n<\/span>\n<\/div><div class=\"bde-div-534-109-534-1 bde-div bde-div-534-109\">\n  \n  \n\t\n\n\n\n<div class=\"bde-icon-534-110-534-1 bde-icon bde-icon-534-110\">\n\n    \n            <div class=\"bde-icon-icon breakdance-icon-atom\" >\n    \n                    <svg xmlns=\"http:\/\/www.w3.org\/2000\/svg\" viewbox=\"0 0 512 512\"><!--!Font Awesome Free 6.5.1 by @fontawesome - https:\/\/fontawesome.com License - https:\/\/fontawesome.com\/license\/free Copyright 2024 Fonticons, Inc.--><path d=\"M256 48a208 208 0 1 1 0 416 208 208 0 1 1 0-416zm0 464A256 256 0 1 0 256 0a256 256 0 1 0 0 512zM369 209c9.4-9.4 9.4-24.6 0-33.9s-24.6-9.4-33.9 0l-111 111-47-47c-9.4-9.4-24.6-9.4-33.9 0s-9.4 24.6 0 33.9l64 64c9.4 9.4 24.6 9.4 33.9 0L369 209z\"\/><\/svg>\n        \n        \n        \n            <\/div>\n    \n\n\n<\/div><span class=\"bde-text-534-111-534-1 bde-text bde-text-534-111\">\nQualidade consistente\n<\/span>\n<\/div><div class=\"bde-div-534-112-534-1 bde-div bde-div-534-112\">\n  \n  \n\t\n\n\n\n<div class=\"bde-icon-534-113-534-1 bde-icon bde-icon-534-113\">\n\n    \n            <div class=\"bde-icon-icon breakdance-icon-atom\" >\n    \n                    <svg xmlns=\"http:\/\/www.w3.org\/2000\/svg\" viewbox=\"0 0 512 512\"><!--!Font Awesome Free 6.5.1 by @fontawesome - https:\/\/fontawesome.com License - https:\/\/fontawesome.com\/license\/free Copyright 2024 Fonticons, Inc.--><path d=\"M256 48a208 208 0 1 1 0 416 208 208 0 1 1 0-416zm0 464A256 256 0 1 0 256 0a256 256 0 1 0 0 512zM369 209c9.4-9.4 9.4-24.6 0-33.9s-24.6-9.4-33.9 0l-111 111-47-47c-9.4-9.4-24.6-9.4-33.9 0s-9.4 24.6 0 33.9l64 64c9.4 9.4 24.6 9.4 33.9 0L369 209z\"\/><\/svg>\n        \n        \n        \n            <\/div>\n    \n\n\n<\/div><span class=\"bde-text-534-114-534-1 bde-text bde-text-534-114\">\nEntrega Europeia\n<\/span>\n<\/div>\n<\/div><\/div>\n<\/section><\/div>","protected":false},"excerpt":{"rendered":"<p>HDPE (High-density polyethylene) UK-sourced HDPE bottle bales for European processors with agreed specs, quality checks and full export documentation Material UK post-consumer HDPE bottle bales Grades Natural (milk bottles) \/ mixed-colour bottles Form Baled bottles only (no flakes or pellets) Typical use Blow moulding, extrusion and injection moulding lines Supply Contract and spot loads Check [&hellip;]<\/p>\n","protected":false},"author":1,"featured_media":0,"parent":48,"menu_order":0,"comment_status":"closed","ping_status":"closed","template":"","meta":{"inline_featured_image":false,"slim_seo":{"title":"HDPE Plastics - Reef Recycling","description":"HDPE (High-density polyethylene) UK-sourced HDPE bottle bales for European processors with agreed specs, quality checks and full export documentation Material U"},"_breakdance_hide_in_design_set":false,"_breakdance_tags":"","footnotes":""},"class_list":["post-54","page","type-page","status-publish","hentry"],"_links":{"self":[{"href":"https:\/\/www.reefrecycling.com\/pt\/wp-json\/wp\/v2\/pages\/54","targetHints":{"allow":["GET"]}}],"collection":[{"href":"https:\/\/www.reefrecycling.com\/pt\/wp-json\/wp\/v2\/pages"}],"about":[{"href":"https:\/\/www.reefrecycling.com\/pt\/wp-json\/wp\/v2\/types\/page"}],"author":[{"embeddable":true,"href":"https:\/\/www.reefrecycling.com\/pt\/wp-json\/wp\/v2\/users\/1"}],"replies":[{"embeddable":true,"href":"https:\/\/www.reefrecycling.com\/pt\/wp-json\/wp\/v2\/comments?post=54"}],"version-history":[{"count":26,"href":"https:\/\/www.reefrecycling.com\/pt\/wp-json\/wp\/v2\/pages\/54\/revisions"}],"predecessor-version":[{"id":2959,"href":"https:\/\/www.reefrecycling.com\/pt\/wp-json\/wp\/v2\/pages\/54\/revisions\/2959"}],"up":[{"embeddable":true,"href":"https:\/\/www.reefrecycling.com\/pt\/wp-json\/wp\/v2\/pages\/48"}],"wp:attachment":[{"href":"https:\/\/www.reefrecycling.com\/pt\/wp-json\/wp\/v2\/media?parent=54"}],"curies":[{"name":"wp","href":"https:\/\/api.w.org\/{rel}","templated":true}]}}